{"id":55,"date":"2016-05-16T13:29:45","date_gmt":"2016-05-16T13:29:45","guid":{"rendered":"http:\/\/drlopezdentalcenter.com\/?page_id=55"},"modified":"2022-02-17T14:16:31","modified_gmt":"2022-02-17T14:16:31","slug":"conozca-al-doctor","status":"publish","type":"page","link":"https:\/\/drlopezdentalcenter.com\/es\/conozca-al-doctor\/","title":{"rendered":"Conozca al doctor"},"content":{"rendered":"<p style=\"text-align: justify;\"><img decoding=\"async\" loading=\"lazy\" class=\"img-thumbnail img-responsive aligncenter size-full wp-image-304\" src=\"https:\/\/drlopezdentalcenter.com\/es\/wp-content\/uploads\/2022\/02\/dr-lopez-dentista.jpg\" alt=\"dr-lopez-dental-center\" width=\"1000\" height=\"667\" \/><\/p>\n<p>El Dr. Reinier L\u00f3pez es originario de Cuba, donde naci\u00f3 en 1981. Durante su ni\u00f1ez siempre mostr\u00f3 inter\u00e9s en estudiar y aprender m\u00e1s del cuerpo humano, terminando sus estudios primarios y secundarios con la decisi\u00f3n de dedicarse al estudio de la profesi\u00f3n dental y a trabajar como dentista. Dr. L\u00f3pez termin\u00f3 en el 2005 sus estudios odont\u00f3logicos en la Facultad de Odontolog\u00eda localizada en Pinar Del R\u00edo, perteneciente al Instituto Superior de Ciencias M\u00e9dicas de La Havana, recibiendo t\u00edtulo de oro durante su graduaci\u00f3n. Justo despu\u00e9s de graduarse se fue a trabajar el servicio social a las comunidades rurales de su provincia por alrededor de dos a\u00f1os, durante los cuales adquiri\u00f3 experiencia diagnosticando y tratando todo tipo de enfermedades dentales en todos los grupos de edad. Trabajando as\u00ed lleg\u00f3 a alcanzar el amor y la admiraci\u00f3n de la comunidad por siempre esforzarse y dar un poco m\u00e1s de s\u00ed mismo para garantizar el bienestar de sus pacientes.<\/p>\n<p>En el 2007 Dr. L\u00f3pez viaj\u00f3 desde su pa\u00eds natal hacia el sur de la Florida para continuar estudiando. Despu\u00e9s de tomar y aprobar los ex\u00e1menes dentales requeridos por la American Dental Asociation y el ex\u00e1men de ingl\u00e9s TOEFL, aplic\u00f3 al Programa de Educaci\u00f3n Avanzada en Odontolog\u00eda General radicado en la Dade County Dental Research Clinic, conocida hoy como Florida Institute For Advanced Dental Education, donde fue aceptado y pas\u00f3 dos a\u00f1os consecutivos practicando y recibiendo educaci\u00f3n continua en cada \u00e1rea de la odontolog\u00eda, incluyendo implantes dentales, endodoncia, periodoncia, prostodoncia entre otros. Durante ese tiempo su experiencia y habilidades escalaron a un nivel que llev\u00f3 a sus profesores en el programa a felicitarlo y exhortarlo a continuar con tal est\u00e1ndar de trabajo y profesionalismo cuando se graduara del programa.<\/p>\n<p>Actualmente, como dentista licenciado de la Florida, Dr. L\u00f3pez contin\u00faa tomando cursos de educaci\u00f3n continuada para mantenerse al d\u00eda con los avances tecnol\u00f3gicos en la odontolog\u00eda, para de tal manera brindar a sus pacientes el mejor tratamiento, acompa\u00f1ado de su paciencia, bondad y disposici\u00f3n a servir a la comunidad.<\/p>\n","protected":false},"excerpt":{"rendered":"<p>El Dr. Reinier L\u00f3pez es originario de Cuba, donde naci\u00f3 en 1981. Durante su ni\u00f1ez siempre mostr\u00f3 inter\u00e9s en estudiar y aprender m\u00e1s del cuerpo humano, terminando sus estudios primarios y secundarios con la decisi\u00f3n de dedicarse al estudio de[&#8230;..]<\/p>\n","protected":false},"author":1,"featured_media":0,"parent":0,"menu_order":0,"comment_status":"closed","ping_status":"closed","template":"","meta":[],"_links":{"self":[{"href":"https:\/\/drlopezdentalcenter.com\/es\/wp-json\/wp\/v2\/pages\/55"}],"collection":[{"href":"https:\/\/drlopezdentalcenter.com\/es\/wp-json\/wp\/v2\/pages"}],"about":[{"href":"https:\/\/drlopezdentalcenter.com\/es\/wp-json\/wp\/v2\/types\/page"}],"author":[{"embeddable":true,"href":"https:\/\/drlopezdentalcenter.com\/es\/wp-json\/wp\/v2\/users\/1"}],"replies":[{"embeddable":true,"href":"https:\/\/drlopezdentalcenter.com\/es\/wp-json\/wp\/v2\/comments?post=55"}],"version-history":[{"count":4,"href":"https:\/\/drlopezdentalcenter.com\/es\/wp-json\/wp\/v2\/pages\/55\/revisions"}],"predecessor-version":[{"id":385,"href":"https:\/\/drlopezdentalcenter.com\/es\/wp-json\/wp\/v2\/pages\/55\/revisions\/385"}],"wp:attachment":[{"href":"https:\/\/drlopezdentalcenter.com\/es\/wp-json\/wp\/v2\/media?parent=55"}],"curies":[{"name":"wp","href":"https:\/\/api.w.org\/{rel}","templated":true}]}}