{"id":43,"date":"2016-05-16T13:05:47","date_gmt":"2016-05-16T13:05:47","guid":{"rendered":"http:\/\/drlopezdentalcenter.com\/?page_id=43"},"modified":"2022-02-17T14:57:33","modified_gmt":"2022-02-17T14:57:33","slug":"blanqueamiento-dental","status":"publish","type":"page","link":"https:\/\/drlopezdentalcenter.com\/es\/blanqueamiento-dental\/","title":{"rendered":"Blanqueamiento dental"},"content":{"rendered":"<p style=\"text-align: justify;\"><img decoding=\"async\" loading=\"lazy\" class=\"img-thumbnail alignright size-full wp-image-231\" src=\"http:\/\/drlopezdentalcenter.com\/wp-content\/uploads\/2016\/05\/TeethWhitening.jpg\" alt=\"TeethWhitening\" width=\"493\" height=\"329\" \/><\/p>\n<p>Hoy d\u00eda muchas personas quieren lucir su mejor sonrisa. Ya sea producto de comidas y bebidas, el uso del tabaco y ciertos medicamentos, trauma o quiz\u00e1s por el color natural, los dientes pueden estar manchados o tener una coloraci\u00f3n no agradable a la vista, y muchas pacientes buscan la forma de eliminar lo que no les agrada a trav\u00e9s de un blanqueamiento dental.<\/p>\n<p>Estas manchas y deficiencias en el color de los dientes pueden ser eliminadas o mejoradas con tratamientos de blanqueamiento, ya sea en la cl\u00ednica dental o en casa, dependiendo de la disponibilidad de tiempo del paciente o la rapidez con que se desea obtener los resultados buscados.<\/p>\n<p>Generalment los pacientes deciden recibir el blanqueamiento en la cl\u00ednica ya que con tan solo una hora y media en la silla dental se obtienen tonos m\u00e1s claros en los dientes, y muchas veces los pacientes no quieren tener que hacer el procedimiento en casa.<\/p>\n<p>En nuestra cl\u00ednica empleamos Zoom como material blanqueador, el cual consiste en un gel aplicado a la superficie dental, seguido de la colocaci\u00f3n de una luz sobre los dientes por aproximadamente una hora, la cual produce resultados que se notan inmediatamente. Este material puede producir ciertos grados de sensibilidad, pero que desaparecen generalmente a los pocos d\u00edas.<\/p>\n<h4 style=\"text-align: justify;\"><\/h4>\n","protected":false},"excerpt":{"rendered":"<p>Hoy d\u00eda muchas personas quieren lucir su mejor sonrisa. Ya sea producto de comidas y bebidas, el uso del tabaco y ciertos medicamentos, trauma o quiz\u00e1s por el color natural, los dientes pueden estar manchados o tener una coloraci\u00f3n no[&#8230;..]<\/p>\n","protected":false},"author":1,"featured_media":0,"parent":0,"menu_order":0,"comment_status":"closed","ping_status":"closed","template":"","meta":[],"_links":{"self":[{"href":"https:\/\/drlopezdentalcenter.com\/es\/wp-json\/wp\/v2\/pages\/43"}],"collection":[{"href":"https:\/\/drlopezdentalcenter.com\/es\/wp-json\/wp\/v2\/pages"}],"about":[{"href":"https:\/\/drlopezdentalcenter.com\/es\/wp-json\/wp\/v2\/types\/page"}],"author":[{"embeddable":true,"href":"https:\/\/drlopezdentalcenter.com\/es\/wp-json\/wp\/v2\/users\/1"}],"replies":[{"embeddable":true,"href":"https:\/\/drlopezdentalcenter.com\/es\/wp-json\/wp\/v2\/comments?post=43"}],"version-history":[{"count":2,"href":"https:\/\/drlopezdentalcenter.com\/es\/wp-json\/wp\/v2\/pages\/43\/revisions"}],"predecessor-version":[{"id":407,"href":"https:\/\/drlopezdentalcenter.com\/es\/wp-json\/wp\/v2\/pages\/43\/revisions\/407"}],"wp:attachment":[{"href":"https:\/\/drlopezdentalcenter.com\/es\/wp-json\/wp\/v2\/media?parent=43"}],"curies":[{"name":"wp","href":"https:\/\/api.w.org\/{rel}","templated":true}]}}