{"id":41,"date":"2016-05-16T13:05:37","date_gmt":"2016-05-16T13:05:37","guid":{"rendered":"http:\/\/drlopezdentalcenter.com\/?page_id=41"},"modified":"2022-02-17T14:25:21","modified_gmt":"2022-02-17T14:25:21","slug":"cirugia-oral","status":"publish","type":"page","link":"https:\/\/drlopezdentalcenter.com\/es\/cirugia-oral\/","title":{"rendered":"Cirug\u00eda oral"},"content":{"rendered":"<p style=\"text-align: justify;\"><img decoding=\"async\" loading=\"lazy\" class=\"img-thumbnail alignright size-full wp-image-238\" src=\"http:\/\/drlopezdentalcenter.com\/wp-content\/uploads\/2016\/05\/Oral-Surgery.jpg\" alt=\"Oral-Surgery\" width=\"493\" height=\"329\" \/><\/p>\n<p>Algunas veces hay dientes que necesitan ser extra\u00eddos debido a que se encuentran en condiciones que no admiten un tratamiento diferente. Un paciente diab\u00e9tio, por ejemplo, muchas veces requiere la extraction dental debido a que los tejidos alrededor del diente se llegan a afectar a un grado en que ya no pueden soportar al diente, el cual se empieza a mover y causa dolor al masticar o espont\u00e1neamente. Tambi\u00e9n se produce p\u00e9rdida de hueso alrededor de la ra\u00edz de algunos dientes producida por una infecci\u00f3n que a la vez puede afectar el estado de la diabetes del paciente y todo esto se vuelve m\u00e1s complicado de tratar.<\/p>\n<p>Una fractura vertical de la ra\u00edz del diente o muela es otra de las razones por las que habr\u00eda que sacar un diente ya que otro tipo de tratamiento no ser\u00eda posible.<\/p>\n<p>Tambi\u00e9n en algunas ocasiones hay dientes que se forman pero no salen (no erupcionan) del hueso, lo cual en la mayor\u00eda de las veces requiere de cirug\u00eda dental para extraerlos. Esto comprende el uso de instrumentales quir\u00fargicos que permiten el acceso al hueso para facilitar la extracci\u00f3n de tales dientes. Esto ocurre mucho con las llamadas cordales o muelas del juicio.<\/p>\n<h4 style=\"text-align: justify;\"><\/h4>\n","protected":false},"excerpt":{"rendered":"<p>Algunas veces hay dientes que necesitan ser extra\u00eddos debido a que se encuentran en condiciones que no admiten un tratamiento diferente. Un paciente diab\u00e9tio, por ejemplo, muchas veces requiere la extraction dental debido a que los tejidos alrededor del diente[&#8230;..]<\/p>\n","protected":false},"author":1,"featured_media":0,"parent":0,"menu_order":0,"comment_status":"closed","ping_status":"closed","template":"","meta":[],"_links":{"self":[{"href":"https:\/\/drlopezdentalcenter.com\/es\/wp-json\/wp\/v2\/pages\/41"}],"collection":[{"href":"https:\/\/drlopezdentalcenter.com\/es\/wp-json\/wp\/v2\/pages"}],"about":[{"href":"https:\/\/drlopezdentalcenter.com\/es\/wp-json\/wp\/v2\/types\/page"}],"author":[{"embeddable":true,"href":"https:\/\/drlopezdentalcenter.com\/es\/wp-json\/wp\/v2\/users\/1"}],"replies":[{"embeddable":true,"href":"https:\/\/drlopezdentalcenter.com\/es\/wp-json\/wp\/v2\/comments?post=41"}],"version-history":[{"count":3,"href":"https:\/\/drlopezdentalcenter.com\/es\/wp-json\/wp\/v2\/pages\/41\/revisions"}],"predecessor-version":[{"id":391,"href":"https:\/\/drlopezdentalcenter.com\/es\/wp-json\/wp\/v2\/pages\/41\/revisions\/391"}],"wp:attachment":[{"href":"https:\/\/drlopezdentalcenter.com\/es\/wp-json\/wp\/v2\/media?parent=41"}],"curies":[{"name":"wp","href":"https:\/\/api.w.org\/{rel}","templated":true}]}}