{"id":35,"date":"2016-05-16T13:05:08","date_gmt":"2016-05-16T13:05:08","guid":{"rendered":"http:\/\/drlopezdentalcenter.com\/?page_id=35"},"modified":"2022-02-17T15:03:33","modified_gmt":"2022-02-17T15:03:33","slug":"coronas-y-puentes","status":"publish","type":"page","link":"https:\/\/drlopezdentalcenter.com\/es\/coronas-y-puentes\/","title":{"rendered":"Coronas y Puentes"},"content":{"rendered":"<p style=\"text-align: justify;\"><img decoding=\"async\" loading=\"lazy\" class=\"img-thumbnail alignright wp-image-214\" src=\"https:\/\/drlopezdentalcenter.com\/es\/wp-content\/uploads\/2022\/02\/dentista-coronas-puentes-miami.jpg\" alt=\"crown&amp;bridges\" width=\"480\" height=\"319\" \/><\/p>\n<p>Existen muchas indicaciones para la fabricaci\u00f3n de coronas y puentes, incluyendo dise\u00f1o de sonrisa, reemplazo de dientes ausentes, cubrir dientes con tratamiento de conducto, entre otras. Hoy d\u00eda las coronas y puentes se fabrican con materiales tan bien desarrollados que se logra mantener la apariencia natural de los dientes a la vez que se obtiene suficiente resistencia para la masticaci\u00f3n sin que se rompan o partan.<\/p>\n<p>Generalmente cuando un diente tiene un tratamiento de conducto se recomienda que se le ponga una corona. Casi siempre cuando estos tratamientos son necesarios se debe a la presencia de caries grandes o restauraciones profundas, y en esos casos mucha estructura dentaria es removida, por tanto el diente queda m\u00e1s debilitado, pudiendo as\u00ed partirse o romperse. Al poner una corona a dichos dientes se les est\u00e1 ofreciendo una mayor protecci\u00f3n en contra de las fracturas y se alarga su tiempo de vida, aunque si el paciente aprieta los dientes con frecuencia o como h\u00e1bito siempre es posible que llegue a partir partes de la corona o la ra\u00edz.<\/p>\n<p>Los puentes son usados para reemplazar dientes ausentes cuando el espacio restante tiene otros dientes detr\u00e1s y adelante para usarlos como pilares. Muchos pacientes tambi\u00e9n tienen espacios naturales entre los dientes pero que al ser muy grandes se notan mucho y por tanto se usan puentes para enmascararlos o eliminarlos. Adem\u00e1s, no siempre las pr\u00f3tesis removibles son del agrado de la persona a tratar y por tanto el uso de puentes es preferable cuando la opci\u00f3n est\u00e1 presente.<\/p>\n<h4 style=\"text-align: justify;\"><\/h4>\n","protected":false},"excerpt":{"rendered":"<p>Existen muchas indicaciones para la fabricaci\u00f3n de coronas y puentes, incluyendo dise\u00f1o de sonrisa, reemplazo de dientes ausentes, cubrir dientes con tratamiento de conducto, entre otras. Hoy d\u00eda las coronas y puentes se fabrican con materiales tan bien desarrollados que[&#8230;..]<\/p>\n","protected":false},"author":1,"featured_media":0,"parent":0,"menu_order":0,"comment_status":"closed","ping_status":"closed","template":"","meta":[],"_links":{"self":[{"href":"https:\/\/drlopezdentalcenter.com\/es\/wp-json\/wp\/v2\/pages\/35"}],"collection":[{"href":"https:\/\/drlopezdentalcenter.com\/es\/wp-json\/wp\/v2\/pages"}],"about":[{"href":"https:\/\/drlopezdentalcenter.com\/es\/wp-json\/wp\/v2\/types\/page"}],"author":[{"embeddable":true,"href":"https:\/\/drlopezdentalcenter.com\/es\/wp-json\/wp\/v2\/users\/1"}],"replies":[{"embeddable":true,"href":"https:\/\/drlopezdentalcenter.com\/es\/wp-json\/wp\/v2\/comments?post=35"}],"version-history":[{"count":3,"href":"https:\/\/drlopezdentalcenter.com\/es\/wp-json\/wp\/v2\/pages\/35\/revisions"}],"predecessor-version":[{"id":413,"href":"https:\/\/drlopezdentalcenter.com\/es\/wp-json\/wp\/v2\/pages\/35\/revisions\/413"}],"wp:attachment":[{"href":"https:\/\/drlopezdentalcenter.com\/es\/wp-json\/wp\/v2\/media?parent=35"}],"curies":[{"name":"wp","href":"https:\/\/api.w.org\/{rel}","templated":true}]}}