{"id":33,"date":"2016-05-16T13:04:57","date_gmt":"2016-05-16T13:04:57","guid":{"rendered":"http:\/\/drlopezdentalcenter.com\/?page_id=33"},"modified":"2022-02-17T14:56:09","modified_gmt":"2022-02-17T14:56:09","slug":"implantes-dentales","status":"publish","type":"page","link":"https:\/\/drlopezdentalcenter.com\/es\/implantes-dentales\/","title":{"rendered":"Implantes dentales"},"content":{"rendered":"<p style=\"text-align: justify;\"><img decoding=\"async\" loading=\"lazy\" class=\"img-thumbnail alignright wp-image-254\" src=\"https:\/\/drlopezdentalcenter.com\/es\/wp-content\/uploads\/2022\/02\/implantes-dentales-kendall.jpg\" alt=\"dental-implants\" width=\"480\" height=\"480\" \/><\/p>\n<p>Los implantes dentales son usados para reemplazar dientes ausentes o perdidos. Ya sea un solo diente ausente, varios, o toda la dentadura, los implantes dentales ayudan a restablecer la est\u00e9tica y funci\u00f3n dental a trav\u00e9s de una variada lista de opciones de tratamiento. Existen requerimientos de existencia de cierta cantidad de hueso y espacio para poder poner los implantes dentales, pero hoy d\u00eda es possible crear hueso a trav\u00e9s de cirug\u00edas de injertos \u00f3seos, aunque en ciertas ocasiones esto requiere la intervenci\u00f3n de un cirujano oral.<\/p>\n<p>Tambi\u00e9n se usan los implantes dentales para darle retenci\u00f3n y estabilidad a las pr\u00f3tesis totales, ofreci\u00e9ndole as\u00ed al paciente una mejor experiencia con su dentadura.<\/p>\n<p>Un implante dental es un tornillo quir\u00farjico de titanio que se fija en el hueso de la mand\u00edbula o el maxilar, para soportar una corona dental, un puente fijo (varias coronas), o una pr\u00f3tesis. Tambi\u00e9n se pueden usar para movimientos dentales en ortodoncia.<\/p>\n<p>Generalmente se pone primero el tornillo o implante dental en el hueso y se le da hasta 6 meses de reposo para permitir que se fusione con el hueso, un proceso llamado oseointegraci\u00f3n. Luego de este tiempo el implante ya est\u00e1 listo para soportar cualquiera de las estructuras prost\u00e9ticas antes mecionadas.<\/p>\n<p>El implante puede fracasar dependiendo de varios factores, como por ejemplo el estado de salud del paciente, la presencia de enfermedades como la Diabetes, h\u00e1bitos nocivos como el fumar o el apretar los dientes, mala higiene buccal, el uso de ciertos medicamentos que afectan la integridad del hueso y el implante como lo hacen los bifosfonatos intravenosos por per\u00edodos prolongados de tiempo. As\u00ed que no se debe asumir que un implante dental es un tratamiento definitivo sin posibles complicaciones.<\/p>\n<p>Los riesgos y complicaciones asociados con los implantes se pueden dividir en aquellos que ocurren durante la cirug\u00eda, tal como el sangramiento excesivo o la lesion a nervios adyacentes; aquellos que ocurren durante los primeros seis meses, tales como infecci\u00f3n y fracaso de la oseointegraci\u00f3n; y aquellos que ocurren a largo plazo tales como periimplatitis (infecci\u00f3n alrededor del implante) y fallas mec\u00e1nicas.<\/p>\n<p>En presencia de tejidos sanos, un implante bien oseointegrado con cargas biomec\u00e1nicas apropiadas puede tener un porciento de sobrevivencia de entre 95% y 98%, y la corona o pr\u00f3tesis un tiempo de duraci\u00f3n de entre 10 y 15 a\u00f1os.<\/p>\n<h4 style=\"text-align: justify;\"><\/h4>\n","protected":false},"excerpt":{"rendered":"<p>Los implantes dentales son usados para reemplazar dientes ausentes o perdidos. Ya sea un solo diente ausente, varios, o toda la dentadura, los implantes dentales ayudan a restablecer la est\u00e9tica y funci\u00f3n dental a trav\u00e9s de una variada lista de[&#8230;..]<\/p>\n","protected":false},"author":1,"featured_media":0,"parent":0,"menu_order":0,"comment_status":"closed","ping_status":"closed","template":"","meta":[],"_links":{"self":[{"href":"https:\/\/drlopezdentalcenter.com\/es\/wp-json\/wp\/v2\/pages\/33"}],"collection":[{"href":"https:\/\/drlopezdentalcenter.com\/es\/wp-json\/wp\/v2\/pages"}],"about":[{"href":"https:\/\/drlopezdentalcenter.com\/es\/wp-json\/wp\/v2\/types\/page"}],"author":[{"embeddable":true,"href":"https:\/\/drlopezdentalcenter.com\/es\/wp-json\/wp\/v2\/users\/1"}],"replies":[{"embeddable":true,"href":"https:\/\/drlopezdentalcenter.com\/es\/wp-json\/wp\/v2\/comments?post=33"}],"version-history":[{"count":4,"href":"https:\/\/drlopezdentalcenter.com\/es\/wp-json\/wp\/v2\/pages\/33\/revisions"}],"predecessor-version":[{"id":406,"href":"https:\/\/drlopezdentalcenter.com\/es\/wp-json\/wp\/v2\/pages\/33\/revisions\/406"}],"wp:attachment":[{"href":"https:\/\/drlopezdentalcenter.com\/es\/wp-json\/wp\/v2\/media?parent=33"}],"curies":[{"name":"wp","href":"https:\/\/api.w.org\/{rel}","templated":true}]}}