{"id":31,"date":"2016-05-16T13:04:48","date_gmt":"2016-05-16T13:04:48","guid":{"rendered":"http:\/\/drlopezdentalcenter.com\/?page_id=31"},"modified":"2022-02-27T22:58:00","modified_gmt":"2022-02-27T22:58:00","slug":"restauracion-dental-o-empaste","status":"publish","type":"page","link":"https:\/\/drlopezdentalcenter.com\/es\/restauracion-dental-o-empaste\/","title":{"rendered":"Restauraci\u00f3n dental o empaste"},"content":{"rendered":"<p style=\"text-align: justify;\"><img decoding=\"async\" loading=\"lazy\" class=\"img-thumbnail alignright size-full wp-image-221\" src=\"https:\/\/drlopezdentalcenter.com\/es\/wp-content\/uploads\/2022\/02\/empaste-dental-kendall.jpg\" alt=\"dental-filling\" width=\"480\" height=\"319\" \/><\/p>\n<p>La caries dental aparece cuando el esmalte (el tejido m\u00e1s externo del diente y el que todos vemos cuando nos miramos la dentadura) se desmineraliza lo suficiente hasta que su estructura se debilita. Las comidas, especialmente los carbohidratos, se acumulan en la superficie de los dientes creando una capa microsc\u00f3pica de bacterias y sus productos de desecho, principalmente \u00e1cido l\u00e1ctico. Este \u00faltimo comienza a desmineralizar el diente de afuera hacia adentro. Si el tejido cariado no se elimina a tiempo, la caries entonces sigue avanzando hasta los tejidos m\u00e1s internos del diente.<\/p>\n<p>Primero se afecta la dentina, que se encuentra inmediatamente despu\u00e9s del esmalte, y seguido se da\u00f1a la pulpa, que es la que todos conocen como el nervio. Para detener este proceso hay que eliminar este tejido cariado creando en el diente una cavidad la cual necesita ser rellenada, y restaurado el diente a su forma original. Esta restauraci\u00f3n se hace con resinas est\u00e9ticas desarrolladas para semejar las apariencia del diente y las carater\u00edsticas de sus tejidos naturales.<\/p>\n<h4 style=\"text-align: justify;\"><\/h4>\n","protected":false},"excerpt":{"rendered":"<p>La caries dental aparece cuando el esmalte (el tejido m\u00e1s externo del diente y el que todos vemos cuando nos miramos la dentadura) se desmineraliza lo suficiente hasta que su estructura se debilita. Las comidas, especialmente los carbohidratos, se acumulan[&#8230;..]<\/p>\n","protected":false},"author":1,"featured_media":121,"parent":0,"menu_order":0,"comment_status":"closed","ping_status":"closed","template":"","meta":[],"_links":{"self":[{"href":"https:\/\/drlopezdentalcenter.com\/es\/wp-json\/wp\/v2\/pages\/31"}],"collection":[{"href":"https:\/\/drlopezdentalcenter.com\/es\/wp-json\/wp\/v2\/pages"}],"about":[{"href":"https:\/\/drlopezdentalcenter.com\/es\/wp-json\/wp\/v2\/types\/page"}],"author":[{"embeddable":true,"href":"https:\/\/drlopezdentalcenter.com\/es\/wp-json\/wp\/v2\/users\/1"}],"replies":[{"embeddable":true,"href":"https:\/\/drlopezdentalcenter.com\/es\/wp-json\/wp\/v2\/comments?post=31"}],"version-history":[{"count":6,"href":"https:\/\/drlopezdentalcenter.com\/es\/wp-json\/wp\/v2\/pages\/31\/revisions"}],"predecessor-version":[{"id":448,"href":"https:\/\/drlopezdentalcenter.com\/es\/wp-json\/wp\/v2\/pages\/31\/revisions\/448"}],"wp:featuredmedia":[{"embeddable":true,"href":"https:\/\/drlopezdentalcenter.com\/es\/wp-json\/wp\/v2\/media\/121"}],"wp:attachment":[{"href":"https:\/\/drlopezdentalcenter.com\/es\/wp-json\/wp\/v2\/media?parent=31"}],"curies":[{"name":"wp","href":"https:\/\/api.w.org\/{rel}","templated":true}]}}