{"id":27,"date":"2016-05-16T13:04:24","date_gmt":"2016-05-16T13:04:24","guid":{"rendered":"http:\/\/drlopezdentalcenter.com\/?page_id=27"},"modified":"2022-02-17T15:07:30","modified_gmt":"2022-02-17T15:07:30","slug":"protesis-dentales-o-dentaduras","status":"publish","type":"page","link":"https:\/\/drlopezdentalcenter.com\/es\/protesis-dentales-o-dentaduras\/","title":{"rendered":"Pr\u00f3tesis dentales o dentaduras"},"content":{"rendered":"<p><img decoding=\"async\" loading=\"lazy\" class=\"alignright wp-image-258\" src=\"https:\/\/drlopezdentalcenter.com\/es\/wp-content\/uploads\/2022\/02\/protesis-dentales-dentaduras-miami.jpg\" alt=\"dentures-miami\" width=\"480\" height=\"320\" \/><\/p>\n<p>Siempre que uno o m\u00e1s dientes se pierden existen diferentes opciones de tratamiento para reemplazarlos, entre las cuales se encuentran las pr\u00f3tesis o dentaduras removibles. Este tipo de pr\u00f3tesis puede ser total o parcial dependiendo de la cantidad de dientes perdidos, y pueden ser de acr\u00edlico o una combinacion de acr\u00edlico y una aleacion de metal. Tambi\u00e9n se est\u00e1n haciendo unas nuevas modalidades de pr\u00f3tesis de resinas que son m\u00e1s flexibles.<\/p>\n<p>Las pr\u00f3tesis removibles son piezas prost\u00e9ticas construidas para reemplazar los dientes ausentes, las cuales son soportadas por los tejidos duros y blandos de la cavidad oral. Existen muchos tipos de dise\u00f1os de pr\u00f3tesis. Algunas tienen ganchos de metal que circulan los dientes para proveer soporte y retenci\u00f3n. Otras descansan totalmente en el paladar y el reborde residual de los arcos dentales. Otras son soportadas por implantes.<\/p>\n<p>Las pr\u00f3tesis removibles ayudan a los pacientes con la masticaci\u00f3n, ya que la ausencia de los dientes hace que sea m\u00e1s dif\u00edcil el ingerir alimentos normalmente; con la est\u00e9tica, pues el no tener dientes afecta la forma en que los tejidos de la cara descansan sobre los maxilares, dando la apariencia de colapso de los labios y tejidos; con el habla y pronunciaci\u00f3n, ya que los dientes son muy importantes a la hora de articular ciertas palabras y sonidos; con la auto-estima, pues la ausencia de dientes definitivamente dificulta la interacci\u00f3n social y la confianza en s\u00ed mismo de cada individuo.<\/p>\n<h4 style=\"text-align: justify;\"><\/h4>\n","protected":false},"excerpt":{"rendered":"<p>Siempre que uno o m\u00e1s dientes se pierden existen diferentes opciones de tratamiento para reemplazarlos, entre las cuales se encuentran las pr\u00f3tesis o dentaduras removibles. Este tipo de pr\u00f3tesis puede ser total o parcial dependiendo de la cantidad de dientes[&#8230;..]<\/p>\n","protected":false},"author":1,"featured_media":0,"parent":0,"menu_order":0,"comment_status":"closed","ping_status":"closed","template":"","meta":[],"_links":{"self":[{"href":"https:\/\/drlopezdentalcenter.com\/es\/wp-json\/wp\/v2\/pages\/27"}],"collection":[{"href":"https:\/\/drlopezdentalcenter.com\/es\/wp-json\/wp\/v2\/pages"}],"about":[{"href":"https:\/\/drlopezdentalcenter.com\/es\/wp-json\/wp\/v2\/types\/page"}],"author":[{"embeddable":true,"href":"https:\/\/drlopezdentalcenter.com\/es\/wp-json\/wp\/v2\/users\/1"}],"replies":[{"embeddable":true,"href":"https:\/\/drlopezdentalcenter.com\/es\/wp-json\/wp\/v2\/comments?post=27"}],"version-history":[{"count":3,"href":"https:\/\/drlopezdentalcenter.com\/es\/wp-json\/wp\/v2\/pages\/27\/revisions"}],"predecessor-version":[{"id":416,"href":"https:\/\/drlopezdentalcenter.com\/es\/wp-json\/wp\/v2\/pages\/27\/revisions\/416"}],"wp:attachment":[{"href":"https:\/\/drlopezdentalcenter.com\/es\/wp-json\/wp\/v2\/media?parent=27"}],"curies":[{"name":"wp","href":"https:\/\/api.w.org\/{rel}","templated":true}]}}