{"id":182,"date":"2016-06-05T19:16:42","date_gmt":"2016-06-05T19:16:42","guid":{"rendered":"http:\/\/drlopezdentalcenter.com\/?page_id=182"},"modified":"2022-02-17T14:18:47","modified_gmt":"2022-02-17T14:18:47","slug":"financiamiento","status":"publish","type":"page","link":"https:\/\/drlopezdentalcenter.com\/es\/financiamiento\/","title":{"rendered":"Financiamiento"},"content":{"rendered":"<p>En nuestra cl\u00ednica entendemos cu\u00e1n dif\u00edcil puede ser pagar por la atenci\u00f3n dental en algunas circunstancias. Por eso es que nos hemos asociado con compa\u00f1\u00edas provehedoras de financiamiento para que nuestros pacientes puedan recibir el tratamiento que necesitan sin necesidad de postponer su atenci\u00f3n dental. Ya sea 0% de inter\u00e9s o un bajo inter\u00e9s por un determinado per\u00edodo de tiempo, tenemos diferentes opciones entre las cuales nuestros pacientes pueden elegir dependiendo de su situaci\u00f3n especif\u00edca.<\/p>\n<p>Entre las compa\u00f1\u00edas provehedoras de financianmiento se encuentran:<\/p>\n<p>a) CareCredit;<\/p>\n<p>b) Lending Club;<\/p>\n<p>c) Wells Fargo.<\/p>\n<p>Actualmente nos encontramos buscando el ampliar las opciones de financiamiento que podemos brindarle para que puedan tener una experiencia libre de preocupaciones a la hora de recibir nuestros servicios.<\/p>\n<p>Por favor ll\u00e1menos hoy para que hablemos acerca de sus opciones de financiamiento y as\u00ed pueda decidir cu\u00e1l es mejor para usted.<\/p>\n","protected":false},"excerpt":{"rendered":"<p>En nuestra cl\u00ednica entendemos cu\u00e1n dif\u00edcil puede ser pagar por la atenci\u00f3n dental en algunas circunstancias. Por eso es que nos hemos asociado con compa\u00f1\u00edas provehedoras de financiamiento para que nuestros pacientes puedan recibir el tratamiento que necesitan sin necesidad[&#8230;..]<\/p>\n","protected":false},"author":1,"featured_media":0,"parent":0,"menu_order":0,"comment_status":"closed","ping_status":"closed","template":"","meta":[],"_links":{"self":[{"href":"https:\/\/drlopezdentalcenter.com\/es\/wp-json\/wp\/v2\/pages\/182"}],"collection":[{"href":"https:\/\/drlopezdentalcenter.com\/es\/wp-json\/wp\/v2\/pages"}],"about":[{"href":"https:\/\/drlopezdentalcenter.com\/es\/wp-json\/wp\/v2\/types\/page"}],"author":[{"embeddable":true,"href":"https:\/\/drlopezdentalcenter.com\/es\/wp-json\/wp\/v2\/users\/1"}],"replies":[{"embeddable":true,"href":"https:\/\/drlopezdentalcenter.com\/es\/wp-json\/wp\/v2\/comments?post=182"}],"version-history":[{"count":1,"href":"https:\/\/drlopezdentalcenter.com\/es\/wp-json\/wp\/v2\/pages\/182\/revisions"}],"predecessor-version":[{"id":386,"href":"https:\/\/drlopezdentalcenter.com\/es\/wp-json\/wp\/v2\/pages\/182\/revisions\/386"}],"wp:attachment":[{"href":"https:\/\/drlopezdentalcenter.com\/es\/wp-json\/wp\/v2\/media?parent=182"}],"curies":[{"name":"wp","href":"https:\/\/api.w.org\/{rel}","templated":true}]}}