{"id":146,"date":"2016-05-25T23:48:29","date_gmt":"2016-05-25T23:48:29","guid":{"rendered":"http:\/\/drlopezdentalcenter.com\/?page_id=146"},"modified":"2022-02-17T15:00:06","modified_gmt":"2022-02-17T15:00:06","slug":"limpieza-dental","status":"publish","type":"page","link":"https:\/\/drlopezdentalcenter.com\/es\/limpieza-dental\/","title":{"rendered":"Limpieza dental"},"content":{"rendered":"<p style=\"text-align: justify;\"><img decoding=\"async\" loading=\"lazy\" class=\"img-thumbnail alignright wp-image-241\" src=\"https:\/\/drlopezdentalcenter.com\/es\/wp-content\/uploads\/2022\/02\/limpieza-dental-kendall.jpg\" alt=\"dental-cleanning\" width=\"480\" height=\"319\" \/><\/p>\n<p>Limpieza dental es un t\u00e9rmino usado para el procedimiento desarrollado en personas con enc\u00edas sanas o con ciertos grados de inflamaci\u00f3n de la enc\u00eda, a lo cual se le llama gingivitis. Se define como la eliminaci\u00f3n de la placa, el c\u00e1lculo y las manchas de las superficies dentales con el objetivo de mantener una boca sana. Los dientes se raspan para eliminar los dep\u00f3sitos duros y se pulen para eliminar dep\u00f3sitos blandos y manchas.<\/p>\n<p>Existen otros tipos de limpieza dental. Un paciente con enfermedad periodontal (enfermedad de las enc\u00edas y los tejidos de soporte del diente, que incluyen el hueso, el ligamento periodontal y la enc\u00eda) requieren una limpieza m\u00e1s profunda, llamada raspado y alisado radicular.<\/p>\n<p>La enfermedad periodontal, conocida como periodontitis o piorrea, comprende un grupo de enfermedades inflamatorias de la enc\u00eda y los tejidos alrededor del diente. Esta incluye p\u00e9rdida progresiva del hueso alrededor de uno o mas dientes, llam\u00e1ndose respectivamente localizada o generalizada, inflamaci\u00f3n de la enc\u00eda con sangramiento, y si no se trata puede llevar a la mobilidad del diente y eventualmente este puede caerse.<\/p>\n<p>Esta enfermedad es causada por bacterias que se pegan a y crecen en la superficie dentaria, junto con una respuesta del sistema immune del organismo. El tratamiento recomendado es raspado y alisado de la ra\u00edz, irrigaci\u00f3n del \u00e1rea con medicamentos y ciertos enjuagatorios bucales. Algunas veces se requiere poner anesthesia para evitar dolor durante el procedimiento. Se puede hacer parcialmente en un solo lado de la boca o completamentesi el paciente prefiere hacerlo as\u00ed.<\/p>\n","protected":false},"excerpt":{"rendered":"<p>Limpieza dental es un t\u00e9rmino usado para el procedimiento desarrollado en personas con enc\u00edas sanas o con ciertos grados de inflamaci\u00f3n de la enc\u00eda, a lo cual se le llama gingivitis. Se define como la eliminaci\u00f3n de la placa, el[&#8230;..]<\/p>\n","protected":false},"author":1,"featured_media":0,"parent":0,"menu_order":0,"comment_status":"closed","ping_status":"closed","template":"","meta":[],"_links":{"self":[{"href":"https:\/\/drlopezdentalcenter.com\/es\/wp-json\/wp\/v2\/pages\/146"}],"collection":[{"href":"https:\/\/drlopezdentalcenter.com\/es\/wp-json\/wp\/v2\/pages"}],"about":[{"href":"https:\/\/drlopezdentalcenter.com\/es\/wp-json\/wp\/v2\/types\/page"}],"author":[{"embeddable":true,"href":"https:\/\/drlopezdentalcenter.com\/es\/wp-json\/wp\/v2\/users\/1"}],"replies":[{"embeddable":true,"href":"https:\/\/drlopezdentalcenter.com\/es\/wp-json\/wp\/v2\/comments?post=146"}],"version-history":[{"count":3,"href":"https:\/\/drlopezdentalcenter.com\/es\/wp-json\/wp\/v2\/pages\/146\/revisions"}],"predecessor-version":[{"id":410,"href":"https:\/\/drlopezdentalcenter.com\/es\/wp-json\/wp\/v2\/pages\/146\/revisions\/410"}],"wp:attachment":[{"href":"https:\/\/drlopezdentalcenter.com\/es\/wp-json\/wp\/v2\/media?parent=146"}],"curies":[{"name":"wp","href":"https:\/\/api.w.org\/{rel}","templated":true}]}}