{"id":136,"date":"2016-05-25T23:37:13","date_gmt":"2016-05-25T23:37:13","guid":{"rendered":"http:\/\/drlopezdentalcenter.com\/?page_id=136"},"modified":"2022-02-17T14:45:54","modified_gmt":"2022-02-17T14:45:54","slug":"examen-dental","status":"publish","type":"page","link":"https:\/\/drlopezdentalcenter.com\/es\/examen-dental\/","title":{"rendered":"Ex\u00e1men dental"},"content":{"rendered":"<p style=\"text-align: justify;\"><img decoding=\"async\" loading=\"lazy\" class=\"img-thumbnail alignright wp-image-264\" src=\"https:\/\/drlopezdentalcenter.com\/es\/wp-content\/uploads\/2022\/02\/examen-dental-kendall.jpg\" alt=\"dental-exam-miami\" width=\"480\" height=\"320\" \/><\/p>\n<p>Es recomendado que cada persona visite el dentista por lo menos dos veces al a\u00f1o para ex\u00e1men y limpieza dental. Dependiendo de la frecuencia con que se asista a la cl\u00ednica dental entonces los ex\u00e1menes pueden ser totales (comprehensivo) o parciales(peri\u00f3dicos), incluyendo un estudio radiogr\u00e1fico completo o solo unas pocas radiograf\u00edas respectivamente.<\/p>\n<p>Estos ex\u00e1menes incluyen el chequeo del estado de salud general del paciente para detectar la presencia de enfermedades, alergias o h\u00e1bitos personales que pudieran condicionar los tratamientos dentales. Se chequea tambi\u00e9n la cavidad bucal, la lengua, las enc\u00edas, los tejidos de la mucosa bucal, los ganglios del cuello y las articulaci\u00f3n de la mand\u00edbula. Tambi\u00e9n de una cita a otra se chequea para ver si ha ocurrido alg\u00fan cambio en el estado de salud del paciente despu\u00e9s del ex\u00e1men anterior.<\/p>\n<p>Algunas veces se requiere de una radiograf\u00eda panor\u00e1mica, como es el caso de los ni\u00f1os cuando ya comienzan a mudar (cambiar) los dientes temporales por los permanents, para determinar si estos \u00faltimos est\u00e1n completo o si falta alguno, siendo de gran importancia mayormente para los tratamientos de ortodoncia y la futura planificaci\u00f3n encaminada a crear una armon\u00eda est\u00e9tica. Este tipo de radiograf\u00eda tambi\u00e9n sirve para ver la posici\u00f3n de los terceros molares o muelas del juicio.<\/p>\n<h4 style=\"text-align: justify;\"><\/h4>\n","protected":false},"excerpt":{"rendered":"<p>Es recomendado que cada persona visite el dentista por lo menos dos veces al a\u00f1o para ex\u00e1men y limpieza dental. Dependiendo de la frecuencia con que se asista a la cl\u00ednica dental entonces los ex\u00e1menes pueden ser totales (comprehensivo) o[&#8230;..]<\/p>\n","protected":false},"author":1,"featured_media":0,"parent":0,"menu_order":0,"comment_status":"closed","ping_status":"closed","template":"","meta":[],"_links":{"self":[{"href":"https:\/\/drlopezdentalcenter.com\/es\/wp-json\/wp\/v2\/pages\/136"}],"collection":[{"href":"https:\/\/drlopezdentalcenter.com\/es\/wp-json\/wp\/v2\/pages"}],"about":[{"href":"https:\/\/drlopezdentalcenter.com\/es\/wp-json\/wp\/v2\/types\/page"}],"author":[{"embeddable":true,"href":"https:\/\/drlopezdentalcenter.com\/es\/wp-json\/wp\/v2\/users\/1"}],"replies":[{"embeddable":true,"href":"https:\/\/drlopezdentalcenter.com\/es\/wp-json\/wp\/v2\/comments?post=136"}],"version-history":[{"count":5,"href":"https:\/\/drlopezdentalcenter.com\/es\/wp-json\/wp\/v2\/pages\/136\/revisions"}],"predecessor-version":[{"id":398,"href":"https:\/\/drlopezdentalcenter.com\/es\/wp-json\/wp\/v2\/pages\/136\/revisions\/398"}],"wp:attachment":[{"href":"https:\/\/drlopezdentalcenter.com\/es\/wp-json\/wp\/v2\/media?parent=136"}],"curies":[{"name":"wp","href":"https:\/\/api.w.org\/{rel}","templated":true}]}}